{"id":832,"date":"2020-01-29T04:39:29","date_gmt":"2020-01-29T04:39:29","guid":{"rendered":"https:\/\/duplexo.cymolthemes.com\/?page_id=832"},"modified":"2023-02-20T12:32:39","modified_gmt":"2023-02-20T11:32:39","slug":"realisations","status":"publish","type":"page","link":"https:\/\/horse-ic.com\/horse\/realisations\/","title":{"rendered":"R\u00c9ALISATIONS"},"content":{"rendered":"<p>[vc_row cmt_bgimagefixed=\u00a0\u00bb\u00a0\u00bb full_width=\u00a0\u00bbstretch_row\u00a0\u00bb css=\u00a0\u00bb.vc_custom_1582022046365{padding-top: 91px !important;padding-bottom: 60px !important;}\u00a0\u00bb cmt_responsive_css=\u00a0\u00bb15238070|colbreak_no|||||||||colbreak_no|||||50px||25px||colbreak_no||||||||||colbreak_no|||||||||\u00a0\u00bb][vc_column]<div class=\"cymolthemes-boxes cymolthemes-boxes-portfolio cymolthemes-boxes-view-default cymolthemes-boxes-col-three cymolthemes-boxes-sortable-no cymolthemes-boxes-textalign-center\">\n\t\t<div class=\"cymolthemes-boxes-inner cymolthemes-boxes-portfolio-inner \">\n\t\t\t\n\t\t\t<div class=\"row multi-columns-row cymolthemes-boxes-row-wrapper\">\n\t\t\t\t<div class=\"cmt-sboxbox-col-wrapper col-lg-4 col-sm-6 col-md-4 col-xs-12 \"><article class=\"cymolthemes-box cymolthemes-box-portfolio cymolthemes-portfoliobox-styleone \">\n\t<div class=\"cymolthemes-post-item\">\n\t\t\n\t\t<span class=\"cymolthemes-item-thumbnail\">\n\t\t\t<span class=\"cymolthemes-item-thumbnail-inner\">\n\t\t\t\t<img width=\"369\" height=\"344\" src=\"https:\/\/horse-ic.com\/horse\/wp-content\/uploads\/2020\/01\/Capture-de\u0301cran-2022-02-03-a\u0300-10.18.48.png\" class=\"attachment-cymolthemes-img-portfolio size-cymolthemes-img-portfolio wp-post-image\" alt=\"\" loading=\"lazy\" srcset=\"https:\/\/horse-ic.com\/horse\/wp-content\/uploads\/2020\/01\/Capture-de\u0301cran-2022-02-03-a\u0300-10.18.48.png 369w, https:\/\/horse-ic.com\/horse\/wp-content\/uploads\/2020\/01\/Capture-de\u0301cran-2022-02-03-a\u0300-10.18.48-300x280.png 300w\" sizes=\"(max-width: 369px) 100vw, 369px\" data-id=\"1743\" \/>\n\t\t\t<\/span>\n\t\t<\/span>\t\t<div class=\"cymolthemes-box-content cymolthemes-overlay\">\t\t\t\n            <div class=\"cymolthemes-box-content-inner\">\t\n\t\t\t\t\t<div class=\"cymolthemes-icon-box cymolthemes-media-link\"><a class=\"cmt_prettyphoto\" title=\"Bitumage de la route K\u00e9tou-Sav\u00e8\" href=\"https:\/\/horse-ic.com\/horse\/wp-content\/uploads\/2020\/01\/Capture-de\u0301cran-2022-02-03-a\u0300-10.18.48.png\"><i class=\"fa fa-search\"><\/i><\/a><\/div>\n\t\t\t\t\t<div class=\"cymolthemes-box-category\"><\/div>\n\t\t\t\t\t<div class=\"cymolthemes-box-title\"><h4><a href=\"https:\/\/horse-ic.com\/horse\/portfolio\/pour-foundation\/\">Bitumage de la route K\u00e9tou-Sav\u00e8<\/a><\/h4><\/div>\t\t\t <\/div>\t\n\t\t<\/div>\t\n\t<\/div>\n<\/article><\/div><div class=\"cmt-sboxbox-col-wrapper col-lg-4 col-sm-6 col-md-4 col-xs-12 \"><article class=\"cymolthemes-box cymolthemes-box-portfolio cymolthemes-portfoliobox-styleone \">\n\t<div class=\"cymolthemes-post-item\">\n\t\t\n\t\t<span class=\"cymolthemes-item-thumbnail\">\n\t\t\t<span class=\"cymolthemes-item-thumbnail-inner\">\n\t\t\t\t<img width=\"369\" height=\"344\" src=\"https:\/\/horse-ic.com\/horse\/wp-content\/uploads\/2020\/01\/Capture-de\u0301cran-2022-02-03-a\u0300-10.19.57.png\" class=\"attachment-cymolthemes-img-portfolio size-cymolthemes-img-portfolio wp-post-image\" alt=\"\" loading=\"lazy\" srcset=\"https:\/\/horse-ic.com\/horse\/wp-content\/uploads\/2020\/01\/Capture-de\u0301cran-2022-02-03-a\u0300-10.19.57.png 369w, https:\/\/horse-ic.com\/horse\/wp-content\/uploads\/2020\/01\/Capture-de\u0301cran-2022-02-03-a\u0300-10.19.57-300x280.png 300w\" sizes=\"(max-width: 369px) 100vw, 369px\" data-id=\"1746\" \/>\n\t\t\t<\/span>\n\t\t<\/span>\t\t<div class=\"cymolthemes-box-content cymolthemes-overlay\">\t\t\t\n            <div class=\"cymolthemes-box-content-inner\">\t\n\t\t\t\t\t<div class=\"cymolthemes-icon-box cymolthemes-media-link\"><a class=\"cmt_prettyphoto\" title=\"La route B\u00e9t\u00e9rou-Tchaourou-Fronti\u00e8re Nig\u00e9ria bitum\u00e9e sur 8 km vers le pont sur le fleuve Okpar\" href=\"https:\/\/horse-ic.com\/horse\/wp-content\/uploads\/2020\/01\/Capture-de\u0301cran-2022-02-03-a\u0300-10.19.57.png\"><i class=\"fa fa-search\"><\/i><\/a><\/div>\n\t\t\t\t\t<div class=\"cymolthemes-box-category\"><\/div>\n\t\t\t\t\t<div class=\"cymolthemes-box-title\"><h4><a href=\"https:\/\/horse-ic.com\/horse\/portfolio\/la-route-beterou-tchaourou-frontiere-nigeria-bitumee-sur-8-km-vers-le-pont-sur-le-fleuve-okpar\/\">La route B\u00e9t\u00e9rou-Tchaourou-Fronti\u00e8re Nig\u00e9ria bitum\u00e9e sur 8 km vers le pont sur le fleuve Okpar<\/a><\/h4><\/div>\t\t\t <\/div>\t\n\t\t<\/div>\t\n\t<\/div>\n<\/article><\/div><div class=\"cmt-sboxbox-col-wrapper col-lg-4 col-sm-6 col-md-4 col-xs-12 \"><article class=\"cymolthemes-box cymolthemes-box-portfolio cymolthemes-portfoliobox-styleone \">\n\t<div class=\"cymolthemes-post-item\">\n\t\t\n\t\t<span class=\"cymolthemes-item-thumbnail\">\n\t\t\t<span class=\"cymolthemes-item-thumbnail-inner\">\n\t\t\t\t<img width=\"369\" height=\"344\" src=\"https:\/\/horse-ic.com\/horse\/wp-content\/uploads\/2020\/01\/Capture-de\u0301cran-2022-02-03-a\u0300-10.20.19.png\" class=\"attachment-cymolthemes-img-portfolio size-cymolthemes-img-portfolio wp-post-image\" alt=\"\" loading=\"lazy\" srcset=\"https:\/\/horse-ic.com\/horse\/wp-content\/uploads\/2020\/01\/Capture-de\u0301cran-2022-02-03-a\u0300-10.20.19.png 369w, https:\/\/horse-ic.com\/horse\/wp-content\/uploads\/2020\/01\/Capture-de\u0301cran-2022-02-03-a\u0300-10.20.19-300x280.png 300w\" sizes=\"(max-width: 369px) 100vw, 369px\" data-id=\"1748\" \/>\n\t\t\t<\/span>\n\t\t<\/span>\t\t<div class=\"cymolthemes-box-content cymolthemes-overlay\">\t\t\t\n            <div class=\"cymolthemes-box-content-inner\">\t\n\t\t\t\t\t<div class=\"cymolthemes-icon-box cymolthemes-media-link\"><a class=\"cmt_prettyphoto\" title=\"Construction des seuils rizicoles en terre Site de Sayakrou dans la Commune de P\u00e9hunco\" href=\"https:\/\/horse-ic.com\/horse\/wp-content\/uploads\/2020\/01\/Capture-de\u0301cran-2022-02-03-a\u0300-10.20.19.png\"><i class=\"fa fa-search\"><\/i><\/a><\/div>\n\t\t\t\t\t<div class=\"cymolthemes-box-category\"><\/div>\n\t\t\t\t\t<div class=\"cymolthemes-box-title\"><h4><a href=\"https:\/\/horse-ic.com\/horse\/portfolio\/mechanical-trim\/\">Construction des seuils rizicoles en terre Site de Sayakrou dans la Commune de P\u00e9hunco<\/a><\/h4><\/div>\t\t\t <\/div>\t\n\t\t<\/div>\t\n\t<\/div>\n<\/article><\/div><div class=\"cmt-sboxbox-col-wrapper col-lg-4 col-sm-6 col-md-4 col-xs-12 \"><article class=\"cymolthemes-box cymolthemes-box-portfolio cymolthemes-portfoliobox-styleone \">\n\t<div class=\"cymolthemes-post-item\">\n\t\t\n\t\t<span class=\"cymolthemes-item-thumbnail\">\n\t\t\t<span class=\"cymolthemes-item-thumbnail-inner\">\n\t\t\t\t<img width=\"369\" height=\"344\" src=\"https:\/\/horse-ic.com\/horse\/wp-content\/uploads\/2020\/01\/Capture-de\u0301cran-2022-02-03-a\u0300-10.20.36.png\" class=\"attachment-cymolthemes-img-portfolio size-cymolthemes-img-portfolio wp-post-image\" alt=\"\" loading=\"lazy\" srcset=\"https:\/\/horse-ic.com\/horse\/wp-content\/uploads\/2020\/01\/Capture-de\u0301cran-2022-02-03-a\u0300-10.20.36.png 369w, https:\/\/horse-ic.com\/horse\/wp-content\/uploads\/2020\/01\/Capture-de\u0301cran-2022-02-03-a\u0300-10.20.36-300x280.png 300w\" sizes=\"(max-width: 369px) 100vw, 369px\" data-id=\"1750\" \/>\n\t\t\t<\/span>\n\t\t<\/span>\t\t<div class=\"cymolthemes-box-content cymolthemes-overlay\">\t\t\t\n            <div class=\"cymolthemes-box-content-inner\">\t\n\t\t\t\t\t<div class=\"cymolthemes-icon-box cymolthemes-media-link\"><a class=\"cmt_prettyphoto\" title=\"Pont de 150m construite sur le fleuve Okpara sur le projet de bitumage de la route B\u00e9t\u00e9rou-Tchaourou-Fonti\u00e8re Nig\u00e9ria\" href=\"https:\/\/horse-ic.com\/horse\/wp-content\/uploads\/2020\/01\/Capture-de\u0301cran-2022-02-03-a\u0300-10.20.36.png\"><i class=\"fa fa-search\"><\/i><\/a><\/div>\n\t\t\t\t\t<div class=\"cymolthemes-box-category\"><\/div>\n\t\t\t\t\t<div class=\"cymolthemes-box-title\"><h4><a href=\"https:\/\/horse-ic.com\/horse\/portfolio\/install-exterior\/\">Pont de 150m construite sur le fleuve Okpara sur le projet de bitumage de la route B\u00e9t\u00e9rou-Tchaourou-Fonti\u00e8re Nig\u00e9ria<\/a><\/h4><\/div>\t\t\t <\/div>\t\n\t\t<\/div>\t\n\t<\/div>\n<\/article><\/div><div class=\"cmt-sboxbox-col-wrapper col-lg-4 col-sm-6 col-md-4 col-xs-12 \"><article class=\"cymolthemes-box cymolthemes-box-portfolio cymolthemes-portfoliobox-styleone \">\n\t<div class=\"cymolthemes-post-item\">\n\t\t\n\t\t<span class=\"cymolthemes-item-thumbnail\">\n\t\t\t<span class=\"cymolthemes-item-thumbnail-inner\">\n\t\t\t\t<img width=\"369\" height=\"344\" src=\"https:\/\/horse-ic.com\/horse\/wp-content\/uploads\/2020\/01\/Capture-de\u0301cran-2022-02-03-a\u0300-10.20.53.png\" class=\"attachment-cymolthemes-img-portfolio size-cymolthemes-img-portfolio wp-post-image\" alt=\"\" loading=\"lazy\" srcset=\"https:\/\/horse-ic.com\/horse\/wp-content\/uploads\/2020\/01\/Capture-de\u0301cran-2022-02-03-a\u0300-10.20.53.png 369w, https:\/\/horse-ic.com\/horse\/wp-content\/uploads\/2020\/01\/Capture-de\u0301cran-2022-02-03-a\u0300-10.20.53-300x280.png 300w\" sizes=\"(max-width: 369px) 100vw, 369px\" data-id=\"1751\" \/>\n\t\t\t<\/span>\n\t\t<\/span>\t\t<div class=\"cymolthemes-box-content cymolthemes-overlay\">\t\t\t\n            <div class=\"cymolthemes-box-content-inner\">\t\n\t\t\t\t\t<div class=\"cymolthemes-icon-box cymolthemes-media-link\"><a class=\"cmt_prettyphoto\" title=\"Contr\u00f4le de travaux d&rsquo;urgence d&rsquo;entretien courant de la route Porto-Novo-Avrankou-Igolo en Point \u00e0 Temps Bitume\" href=\"https:\/\/horse-ic.com\/horse\/wp-content\/uploads\/2020\/01\/Capture-de\u0301cran-2022-02-03-a\u0300-10.20.53.png\"><i class=\"fa fa-search\"><\/i><\/a><\/div>\n\t\t\t\t\t<div class=\"cymolthemes-box-category\"><\/div>\n\t\t\t\t\t<div class=\"cymolthemes-box-title\"><h4><a href=\"https:\/\/horse-ic.com\/horse\/portfolio\/interior-textures\/\">Contr\u00f4le de travaux d&rsquo;urgence d&rsquo;entretien courant de la route Porto-Novo-Avrankou-Igolo en Point \u00e0 Temps Bitume<\/a><\/h4><\/div>\t\t\t <\/div>\t\n\t\t<\/div>\t\n\t<\/div>\n<\/article><\/div><div class=\"cmt-sboxbox-col-wrapper col-lg-4 col-sm-6 col-md-4 col-xs-12 \"><article class=\"cymolthemes-box cymolthemes-box-portfolio cymolthemes-portfoliobox-styleone \">\n\t<div class=\"cymolthemes-post-item\">\n\t\t\n\t\t<span class=\"cymolthemes-item-thumbnail\">\n\t\t\t<span class=\"cymolthemes-item-thumbnail-inner\">\n\t\t\t\t<img width=\"369\" height=\"344\" src=\"https:\/\/horse-ic.com\/horse\/wp-content\/uploads\/2020\/01\/Capture-de\u0301cran-2022-02-03-a\u0300-10.21.12.png\" class=\"attachment-cymolthemes-img-portfolio size-cymolthemes-img-portfolio wp-post-image\" alt=\"\" loading=\"lazy\" srcset=\"https:\/\/horse-ic.com\/horse\/wp-content\/uploads\/2020\/01\/Capture-de\u0301cran-2022-02-03-a\u0300-10.21.12.png 369w, https:\/\/horse-ic.com\/horse\/wp-content\/uploads\/2020\/01\/Capture-de\u0301cran-2022-02-03-a\u0300-10.21.12-300x280.png 300w\" sizes=\"(max-width: 369px) 100vw, 369px\" data-id=\"1754\" \/>\n\t\t\t<\/span>\n\t\t<\/span>\t\t<div class=\"cymolthemes-box-content cymolthemes-overlay\">\t\t\t\n            <div class=\"cymolthemes-box-content-inner\">\t\n\t\t\t\t\t<div class=\"cymolthemes-icon-box cymolthemes-media-link\"><a class=\"cmt_prettyphoto\" title=\"Visite des experts et les repr\u00e9sentants de l&rsquo;entreprise sur le pont de 60m lors d&rsquo;une r\u00e9union de chantier du projet Natitingou Boukoumb\u00e9 Koronti\u00e8re\" href=\"https:\/\/horse-ic.com\/horse\/wp-content\/uploads\/2020\/01\/Capture-de\u0301cran-2022-02-03-a\u0300-10.21.12.png\"><i class=\"fa fa-search\"><\/i><\/a><\/div>\n\t\t\t\t\t<div class=\"cymolthemes-box-category\"><\/div>\n\t\t\t\t\t<div class=\"cymolthemes-box-title\"><h4><a href=\"https:\/\/horse-ic.com\/horse\/portfolio\/install-insulation\/\">Visite des experts et les repr\u00e9sentants de l&rsquo;entreprise sur le pont de 60m lors d&rsquo;une r\u00e9union de chantier du projet Natitingou Boukoumb\u00e9 Koronti\u00e8re<\/a><\/h4><\/div>\t\t\t <\/div>\t\n\t\t<\/div>\t\n\t<\/div>\n<\/article><\/div>\n\t\t\t<\/div>\n\t\t<\/div><!-- .cymolthemes-boxes-inner -->   <\/div><!-- .cymolthemes-boxes -->  [\/vc_column][\/vc_row]<\/p>\n","protected":false},"excerpt":{"rendered":"<p>[vc_row cmt_bgimagefixed=\u00a0\u00bb\u00a0\u00bb full_width=\u00a0\u00bbstretch_row\u00a0\u00bb css=\u00a0\u00bb.vc_custom_1582022046365{padding-top: 91px !important;padding-bottom: 60px !important;}\u00a0\u00bb cmt_responsive_css=\u00a0\u00bb15238070|colbreak_no|||||||||colbreak_no|||||50px||25px||colbreak_no||||||||||colbreak_no|||||||||\u00a0\u00bb][vc_column][\/vc_column][\/vc_row]<\/p>\n","protected":false},"author":1,"featured_media":0,"parent":0,"menu_order":13,"comment_status":"closed","ping_status":"closed","template":"","meta":[],"_links":{"self":[{"href":"https:\/\/horse-ic.com\/horse\/wp-json\/wp\/v2\/pages\/832"}],"collection":[{"href":"https:\/\/horse-ic.com\/horse\/wp-json\/wp\/v2\/pages"}],"about":[{"href":"https:\/\/horse-ic.com\/horse\/wp-json\/wp\/v2\/types\/page"}],"author":[{"embeddable":true,"href":"https:\/\/horse-ic.com\/horse\/wp-json\/wp\/v2\/users\/1"}],"replies":[{"embeddable":true,"href":"https:\/\/horse-ic.com\/horse\/wp-json\/wp\/v2\/comments?post=832"}],"version-history":[{"count":2,"href":"https:\/\/horse-ic.com\/horse\/wp-json\/wp\/v2\/pages\/832\/revisions"}],"predecessor-version":[{"id":1797,"href":"https:\/\/horse-ic.com\/horse\/wp-json\/wp\/v2\/pages\/832\/revisions\/1797"}],"wp:attachment":[{"href":"https:\/\/horse-ic.com\/horse\/wp-json\/wp\/v2\/media?parent=832"}],"curies":[{"name":"wp","href":"https:\/\/api.w.org\/{rel}","templated":true}]}}