{"id":680,"date":"2020-01-27T09:38:13","date_gmt":"2020-01-27T09:38:13","guid":{"rendered":"https:\/\/duplexo.cymolthemes.com\/?page_id=680"},"modified":"2023-02-20T16:04:54","modified_gmt":"2023-02-20T15:04:54","slug":"expertise","status":"publish","type":"page","link":"https:\/\/horse-ic.com\/horse\/expertise\/","title":{"rendered":"EXPERTISE"},"content":{"rendered":"<p>[vc_row][vc_column]<div class=\"cymolthemes-boxes cymolthemes-boxes-service cymolthemes-boxes-view-default cymolthemes-boxes-col-three cymolthemes-boxes-sortable-no cymolthemes-boxes-textalign-center cmt-sboxcta3-rev-heading\">\n\t\t<div class=\"cymolthemes-boxes-inner cymolthemes-boxes-service-inner \">\n\t\t\t\n\t\t\t<div class=\"row multi-columns-row cymolthemes-boxes-row-wrapper\">\n\t\t\t\t<div class=\"cmt-sboxbox-col-wrapper col-lg-4 col-sm-6 col-md-4 col-xs-12 \"><article class=\"cymolthemes-box cymolthemes-box-service cymolthemes-servicebox-styleone \">\n\t<div class=\"cymolthemes-post-item\">\t\n\t\t<div class=\"cymolthemes-post-item-inner\">\n\t\t\t<div class=\"cmt-sboxfeatured-wrapper cmt-sboxcmt_service-featured-wrapper\"><a href=\"https:\/\/horse-ic.com\/horse\/service\/etudes-de-milieu\/\"><img width=\"700\" height=\"466\" src=\"https:\/\/horse-ic.com\/horse\/wp-content\/uploads\/2020\/02\/post-three-700x466.jpg\" class=\"attachment-cymolthemes-img-size-two size-cymolthemes-img-size-two wp-post-image\" alt=\"\" loading=\"lazy\" srcset=\"https:\/\/horse-ic.com\/horse\/wp-content\/uploads\/2020\/02\/post-three-700x466.jpg 700w, https:\/\/horse-ic.com\/horse\/wp-content\/uploads\/2020\/02\/post-three-300x200.jpg 300w, https:\/\/horse-ic.com\/horse\/wp-content\/uploads\/2020\/02\/post-three-1024x683.jpg 1024w, https:\/\/horse-ic.com\/horse\/wp-content\/uploads\/2020\/02\/post-three-768x512.jpg 768w, https:\/\/horse-ic.com\/horse\/wp-content\/uploads\/2020\/02\/post-three-672x448.jpg 672w, https:\/\/horse-ic.com\/horse\/wp-content\/uploads\/2020\/02\/post-three.jpg 1200w\" sizes=\"(max-width: 700px) 100vw, 700px\" data-id=\"1471\" \/><\/a><\/div>\t\t\t\t\t<div class=\"cymolthemes-service-icon-plus\">\n\t\t\t<a href=\"https:\/\/horse-ic.com\/horse\/service\/etudes-de-milieu\/\" rel=\"bookmark\"><i class=\"cmt-duplexo-icon-plus-1\"><\/i><\/a>\n\t\t<\/div>\n\t\t<\/div>\n\t\t<div class=\"cymolthemes-box-bottom-content\">\t\n\t\t\t<div class=\"cmt-service-iconbox\"><span class=\"cmt-service-icon\"><i class=\"cmt_duplexo flaticon-engineer-working\"><\/i><\/span><\/div>\t\t\t\n\t\t\t<div class=\"cymolthemes-box-desc\">\n\t\t\t    <div class=\"cymolthemes-box-title\"><h4><a href=\"https:\/\/horse-ic.com\/horse\/service\/etudes-de-milieu\/\">Etudes de Milieu<\/a><\/h4><\/div>\t\t\t\t<div class=\"cmt-sboxshort-desc\">\n\t\t\t\t\t<p>Nous \u00e9tudions les diff\u00e9rents aspects environnementaux: climatiques, etc.<\/p>\n\t\t\t\t<\/div>\n\t\t\t<\/div> \n\t\t<\/div>\n\t<\/div>\n<\/article><\/div><div class=\"cmt-sboxbox-col-wrapper col-lg-4 col-sm-6 col-md-4 col-xs-12 \"><article class=\"cymolthemes-box cymolthemes-box-service cymolthemes-servicebox-styleone \">\n\t<div class=\"cymolthemes-post-item\">\t\n\t\t<div class=\"cymolthemes-post-item-inner\">\n\t\t\t<div class=\"cmt-sboxfeatured-wrapper cmt-sboxcmt_service-featured-wrapper\"><a href=\"https:\/\/horse-ic.com\/horse\/service\/maitrise-d-ouvrage\/\"><img width=\"700\" height=\"466\" src=\"https:\/\/horse-ic.com\/horse\/wp-content\/uploads\/2020\/02\/post-three-700x466.jpg\" class=\"attachment-cymolthemes-img-size-two size-cymolthemes-img-size-two wp-post-image\" alt=\"\" loading=\"lazy\" srcset=\"https:\/\/horse-ic.com\/horse\/wp-content\/uploads\/2020\/02\/post-three-700x466.jpg 700w, https:\/\/horse-ic.com\/horse\/wp-content\/uploads\/2020\/02\/post-three-300x200.jpg 300w, https:\/\/horse-ic.com\/horse\/wp-content\/uploads\/2020\/02\/post-three-1024x683.jpg 1024w, https:\/\/horse-ic.com\/horse\/wp-content\/uploads\/2020\/02\/post-three-768x512.jpg 768w, https:\/\/horse-ic.com\/horse\/wp-content\/uploads\/2020\/02\/post-three-672x448.jpg 672w, https:\/\/horse-ic.com\/horse\/wp-content\/uploads\/2020\/02\/post-three.jpg 1200w\" sizes=\"(max-width: 700px) 100vw, 700px\" data-id=\"1471\" \/><\/a><\/div>\t\t\t\t\t<div class=\"cymolthemes-service-icon-plus\">\n\t\t\t<a href=\"https:\/\/horse-ic.com\/horse\/service\/maitrise-d-ouvrage\/\" rel=\"bookmark\"><i class=\"cmt-duplexo-icon-plus-1\"><\/i><\/a>\n\t\t<\/div>\n\t\t<\/div>\n\t\t<div class=\"cymolthemes-box-bottom-content\">\t\n\t\t\t<div class=\"cmt-service-iconbox\"><span class=\"cmt-service-icon\"><i class=\"cmt_duplexo flaticon-tractor\"><\/i><\/span><\/div>\t\t\t\n\t\t\t<div class=\"cymolthemes-box-desc\">\n\t\t\t    <div class=\"cymolthemes-box-title\"><h4><a href=\"https:\/\/horse-ic.com\/horse\/service\/maitrise-d-ouvrage\/\">Ma\u00eetrise d&rsquo;ouvrage<\/a><\/h4><\/div>\t\t\t\t<div class=\"cmt-sboxshort-desc\">\n\t\t\t\t\t<p>Elaboration des dossiers de base pour consultation des concepteurs, Mission de maitrise d&rsquo;oeuvre<\/p>\n\t\t\t\t<\/div>\n\t\t\t<\/div> \n\t\t<\/div>\n\t<\/div>\n<\/article><\/div><div class=\"cmt-sboxbox-col-wrapper col-lg-4 col-sm-6 col-md-4 col-xs-12 \"><article class=\"cymolthemes-box cymolthemes-box-service cymolthemes-servicebox-styleone \">\n\t<div class=\"cymolthemes-post-item\">\t\n\t\t<div class=\"cymolthemes-post-item-inner\">\n\t\t\t<div class=\"cmt-sboxfeatured-wrapper cmt-sboxcmt_service-featured-wrapper\"><a href=\"https:\/\/horse-ic.com\/horse\/service\/btp\/\"><img width=\"700\" height=\"466\" src=\"https:\/\/horse-ic.com\/horse\/wp-content\/uploads\/2020\/02\/post-three-700x466.jpg\" class=\"attachment-cymolthemes-img-size-two size-cymolthemes-img-size-two wp-post-image\" alt=\"\" loading=\"lazy\" srcset=\"https:\/\/horse-ic.com\/horse\/wp-content\/uploads\/2020\/02\/post-three-700x466.jpg 700w, https:\/\/horse-ic.com\/horse\/wp-content\/uploads\/2020\/02\/post-three-300x200.jpg 300w, https:\/\/horse-ic.com\/horse\/wp-content\/uploads\/2020\/02\/post-three-1024x683.jpg 1024w, https:\/\/horse-ic.com\/horse\/wp-content\/uploads\/2020\/02\/post-three-768x512.jpg 768w, https:\/\/horse-ic.com\/horse\/wp-content\/uploads\/2020\/02\/post-three-672x448.jpg 672w, https:\/\/horse-ic.com\/horse\/wp-content\/uploads\/2020\/02\/post-three.jpg 1200w\" sizes=\"(max-width: 700px) 100vw, 700px\" data-id=\"1471\" \/><\/a><\/div>\t\t\t\t\t<div class=\"cymolthemes-service-icon-plus\">\n\t\t\t<a href=\"https:\/\/horse-ic.com\/horse\/service\/btp\/\" rel=\"bookmark\"><i class=\"cmt-duplexo-icon-plus-1\"><\/i><\/a>\n\t\t<\/div>\n\t\t<\/div>\n\t\t<div class=\"cymolthemes-box-bottom-content\">\t\n\t\t\t<div class=\"cmt-service-iconbox\"><span class=\"cmt-service-icon\"><i class=\"cmt_duplexo flaticon-construction-and-tools-2\"><\/i><\/span><\/div>\t\t\t\n\t\t\t<div class=\"cymolthemes-box-desc\">\n\t\t\t    <div class=\"cymolthemes-box-title\"><h4><a href=\"https:\/\/horse-ic.com\/horse\/service\/btp\/\">BTP<\/a><\/h4><\/div>\t\t\t\t<div class=\"cmt-sboxshort-desc\">\n\t\t\t\t\t<p>Routes et ouvrages d&rsquo;arts; Pistes; B\u00e2timents<\/p>\n\t\t\t\t<\/div>\n\t\t\t<\/div> \n\t\t<\/div>\n\t<\/div>\n<\/article><\/div><div class=\"cmt-sboxbox-col-wrapper col-lg-4 col-sm-6 col-md-4 col-xs-12 \"><article class=\"cymolthemes-box cymolthemes-box-service cymolthemes-servicebox-styleone \">\n\t<div class=\"cymolthemes-post-item\">\t\n\t\t<div class=\"cymolthemes-post-item-inner\">\n\t\t\t<div class=\"cmt-sboxfeatured-wrapper cmt-sboxcmt_service-featured-wrapper\"><a href=\"https:\/\/horse-ic.com\/horse\/service\/urbanisme\/\"><img width=\"700\" height=\"466\" src=\"https:\/\/horse-ic.com\/horse\/wp-content\/uploads\/2020\/01\/urbanisme-700x466.jpg\" class=\"attachment-cymolthemes-img-size-two size-cymolthemes-img-size-two wp-post-image\" alt=\"\" loading=\"lazy\" srcset=\"https:\/\/horse-ic.com\/horse\/wp-content\/uploads\/2020\/01\/urbanisme-700x466.jpg 700w, https:\/\/horse-ic.com\/horse\/wp-content\/uploads\/2020\/01\/urbanisme-1200x800.jpg 1200w, https:\/\/horse-ic.com\/horse\/wp-content\/uploads\/2020\/01\/urbanisme-672x448.jpg 672w\" sizes=\"(max-width: 700px) 100vw, 700px\" data-id=\"1875\" \/><\/a><\/div>\t\t\t\t\t<div class=\"cymolthemes-service-icon-plus\">\n\t\t\t<a href=\"https:\/\/horse-ic.com\/horse\/service\/urbanisme\/\" rel=\"bookmark\"><i class=\"cmt-duplexo-icon-plus-1\"><\/i><\/a>\n\t\t<\/div>\n\t\t<\/div>\n\t\t<div class=\"cymolthemes-box-bottom-content\">\t\n\t\t\t<div class=\"cmt-service-iconbox\"><span class=\"cmt-service-icon\"><i class=\"cmt_duplexo flaticon-barrier\"><\/i><\/span><\/div>\t\t\t\n\t\t\t<div class=\"cymolthemes-box-desc\">\n\t\t\t    <div class=\"cymolthemes-box-title\"><h4><a href=\"https:\/\/horse-ic.com\/horse\/service\/urbanisme\/\">Urbanisme<\/a><\/h4><\/div>\t\t\t\t<div class=\"cmt-sboxshort-desc\">\n\t\t\t\t\t<p>Etudes d\u2019impact environnemental,Assistance au d\u00e9veloppement et appui institutionnel..<\/p>\n\t\t\t\t<\/div>\n\t\t\t<\/div> \n\t\t<\/div>\n\t<\/div>\n<\/article><\/div><div class=\"cmt-sboxbox-col-wrapper col-lg-4 col-sm-6 col-md-4 col-xs-12 \"><article class=\"cymolthemes-box cymolthemes-box-service cymolthemes-servicebox-styleone \">\n\t<div class=\"cymolthemes-post-item\">\t\n\t\t<div class=\"cymolthemes-post-item-inner\">\n\t\t\t<div class=\"cmt-sboxfeatured-wrapper cmt-sboxcmt_service-featured-wrapper\"><a href=\"https:\/\/horse-ic.com\/horse\/service\/hydraulique\/\"><img width=\"700\" height=\"466\" src=\"https:\/\/horse-ic.com\/horse\/wp-content\/uploads\/2020\/01\/hydraulique-700x466.jpg\" class=\"attachment-cymolthemes-img-size-two size-cymolthemes-img-size-two wp-post-image\" alt=\"\" loading=\"lazy\" srcset=\"https:\/\/horse-ic.com\/horse\/wp-content\/uploads\/2020\/01\/hydraulique-700x466.jpg 700w, https:\/\/horse-ic.com\/horse\/wp-content\/uploads\/2020\/01\/hydraulique-672x448.jpg 672w\" sizes=\"(max-width: 700px) 100vw, 700px\" data-id=\"1874\" \/><\/a><\/div>\t\t\t\t\t<div class=\"cymolthemes-service-icon-plus\">\n\t\t\t<a href=\"https:\/\/horse-ic.com\/horse\/service\/hydraulique\/\" rel=\"bookmark\"><i class=\"cmt-duplexo-icon-plus-1\"><\/i><\/a>\n\t\t<\/div>\n\t\t<\/div>\n\t\t<div class=\"cymolthemes-box-bottom-content\">\t\n\t\t\t<div class=\"cmt-service-iconbox\"><span class=\"cmt-service-icon\"><i class=\"cmt_duplexo flaticon-house\"><\/i><\/span><\/div>\t\t\t\n\t\t\t<div class=\"cymolthemes-box-desc\">\n\t\t\t    <div class=\"cymolthemes-box-title\"><h4><a href=\"https:\/\/horse-ic.com\/horse\/service\/hydraulique\/\">Hydraulique<\/a><\/h4><\/div>\t\t\t\t<div class=\"cmt-sboxshort-desc\">\n\t\t\t\t\t<p>Prospection; Implantation; Alimentation en Eau potable;Traitement des eaux de consommation &#8230;<\/p>\n\t\t\t\t<\/div>\n\t\t\t<\/div> \n\t\t<\/div>\n\t<\/div>\n<\/article><\/div><div class=\"cmt-sboxbox-col-wrapper col-lg-4 col-sm-6 col-md-4 col-xs-12 \"><article class=\"cymolthemes-box cymolthemes-box-service cymolthemes-servicebox-styleone \">\n\t<div class=\"cymolthemes-post-item\">\t\n\t\t<div class=\"cymolthemes-post-item-inner\">\n\t\t\t<div class=\"cmt-sboxfeatured-wrapper cmt-sboxcmt_service-featured-wrapper\"><a href=\"https:\/\/horse-ic.com\/horse\/service\/house-planning\/\"><img width=\"700\" height=\"466\" src=\"https:\/\/horse-ic.com\/horse\/wp-content\/uploads\/2020\/02\/post-three-700x466.jpg\" class=\"attachment-cymolthemes-img-size-two size-cymolthemes-img-size-two wp-post-image\" alt=\"\" loading=\"lazy\" srcset=\"https:\/\/horse-ic.com\/horse\/wp-content\/uploads\/2020\/02\/post-three-700x466.jpg 700w, https:\/\/horse-ic.com\/horse\/wp-content\/uploads\/2020\/02\/post-three-300x200.jpg 300w, https:\/\/horse-ic.com\/horse\/wp-content\/uploads\/2020\/02\/post-three-1024x683.jpg 1024w, https:\/\/horse-ic.com\/horse\/wp-content\/uploads\/2020\/02\/post-three-768x512.jpg 768w, https:\/\/horse-ic.com\/horse\/wp-content\/uploads\/2020\/02\/post-three-672x448.jpg 672w, https:\/\/horse-ic.com\/horse\/wp-content\/uploads\/2020\/02\/post-three.jpg 1200w\" sizes=\"(max-width: 700px) 100vw, 700px\" data-id=\"1471\" \/><\/a><\/div>\t\t\t\t\t<div class=\"cymolthemes-service-icon-plus\">\n\t\t\t<a href=\"https:\/\/horse-ic.com\/horse\/service\/house-planning\/\" rel=\"bookmark\"><i class=\"cmt-duplexo-icon-plus-1\"><\/i><\/a>\n\t\t<\/div>\n\t\t<\/div>\n\t\t<div class=\"cymolthemes-box-bottom-content\">\t\n\t\t\t<div class=\"cmt-service-iconbox\"><span class=\"cmt-service-icon\"><i class=\"cmt_duplexo flaticon-sketch\"><\/i><\/span><\/div>\t\t\t\n\t\t\t<div class=\"cymolthemes-box-desc\">\n\t\t\t    <div class=\"cymolthemes-box-title\"><h4><a href=\"https:\/\/horse-ic.com\/horse\/service\/house-planning\/\">Am\u00e9nagement Hydro-Agricole<\/a><\/h4><\/div>\t\t\t\t<div class=\"cmt-sboxshort-desc\">\n\t\t\t\t\t<p>Retenues d\u2019eau; Irrigation, drainage; Ouvrages Hydrauliques; Am\u00e9nagement des bas-fonds.<\/p>\n\t\t\t\t<\/div>\n\t\t\t<\/div> \n\t\t<\/div>\n\t<\/div>\n<\/article><\/div><div class=\"cmt-sboxbox-col-wrapper col-lg-4 col-sm-6 col-md-4 col-xs-12 \"><article class=\"cymolthemes-box cymolthemes-box-service cymolthemes-servicebox-styleone \">\n\t<div class=\"cymolthemes-post-item\">\t\n\t\t<div class=\"cymolthemes-post-item-inner\">\n\t\t\t<div class=\"cmt-sboxfeatured-wrapper cmt-sboxcmt_service-featured-wrapper\"><a href=\"https:\/\/horse-ic.com\/horse\/service\/repair-welding\/\"><img width=\"700\" height=\"466\" src=\"https:\/\/horse-ic.com\/horse\/wp-content\/uploads\/2020\/01\/ENVIRONNEMENT.-700x466.jpeg\" class=\"attachment-cymolthemes-img-size-two size-cymolthemes-img-size-two wp-post-image\" alt=\"\" loading=\"lazy\" srcset=\"https:\/\/horse-ic.com\/horse\/wp-content\/uploads\/2020\/01\/ENVIRONNEMENT.-700x466.jpeg 700w, https:\/\/horse-ic.com\/horse\/wp-content\/uploads\/2020\/01\/ENVIRONNEMENT.-1200x800.jpeg 1200w, https:\/\/horse-ic.com\/horse\/wp-content\/uploads\/2020\/01\/ENVIRONNEMENT.-672x448.jpeg 672w\" sizes=\"(max-width: 700px) 100vw, 700px\" data-id=\"1871\" \/><\/a><\/div>\t\t\t\t\t<div class=\"cymolthemes-service-icon-plus\">\n\t\t\t<a href=\"https:\/\/horse-ic.com\/horse\/service\/repair-welding\/\" rel=\"bookmark\"><i class=\"cmt-duplexo-icon-plus-1\"><\/i><\/a>\n\t\t<\/div>\n\t\t<\/div>\n\t\t<div class=\"cymolthemes-box-bottom-content\">\t\n\t\t\t<div class=\"cmt-service-iconbox\"><span class=\"cmt-service-icon\"><i class=\"fa fa-ok\"><\/i><\/span><\/div>\t\t\t\n\t\t\t<div class=\"cymolthemes-box-desc\">\n\t\t\t    <div class=\"cymolthemes-box-title\"><h4><a href=\"https:\/\/horse-ic.com\/horse\/service\/repair-welding\/\">Environnement<\/a><\/h4><\/div>\t\t\t\t<div class=\"cmt-sboxshort-desc\">\n\t\t\t\t\t<p>Etude d\u2019impact, Inventaire et Am\u00e9nagement forestier, Toute \u00e9tude de foresterie, Restauration des eaux et sols,Occupation du sol (photo interpr\u00e9tation),Gestion des aires prot\u00e9g\u00e9es, Am\u00e9nagement et gestion des espaces naturels.<\/p>\n\t\t\t\t<\/div>\n\t\t\t<\/div> \n\t\t<\/div>\n\t<\/div>\n<\/article><\/div><div class=\"cmt-sboxbox-col-wrapper col-lg-4 col-sm-6 col-md-4 col-xs-12 \"><article class=\"cymolthemes-box cymolthemes-box-service cymolthemes-servicebox-styleone \">\n\t<div class=\"cymolthemes-post-item\">\t\n\t\t<div class=\"cymolthemes-post-item-inner\">\n\t\t\t<div class=\"cmt-sboxfeatured-wrapper cmt-sboxcmt_service-featured-wrapper\"><a href=\"https:\/\/horse-ic.com\/horse\/service\/expert-mechanical\/\"><img width=\"700\" height=\"466\" src=\"https:\/\/horse-ic.com\/horse\/wp-content\/uploads\/2020\/01\/TOPOGRAPHIE-700x466.jpg\" class=\"attachment-cymolthemes-img-size-two size-cymolthemes-img-size-two wp-post-image\" alt=\"\" loading=\"lazy\" srcset=\"https:\/\/horse-ic.com\/horse\/wp-content\/uploads\/2020\/01\/TOPOGRAPHIE-700x466.jpg 700w, https:\/\/horse-ic.com\/horse\/wp-content\/uploads\/2020\/01\/TOPOGRAPHIE-1200x800.jpg 1200w, https:\/\/horse-ic.com\/horse\/wp-content\/uploads\/2020\/01\/TOPOGRAPHIE-672x448.jpg 672w\" sizes=\"(max-width: 700px) 100vw, 700px\" data-id=\"1873\" \/><\/a><\/div>\t\t\t\t\t<div class=\"cymolthemes-service-icon-plus\">\n\t\t\t<a href=\"https:\/\/horse-ic.com\/horse\/service\/expert-mechanical\/\" rel=\"bookmark\"><i class=\"cmt-duplexo-icon-plus-1\"><\/i><\/a>\n\t\t<\/div>\n\t\t<\/div>\n\t\t<div class=\"cymolthemes-box-bottom-content\">\t\n\t\t\t<div class=\"cmt-service-iconbox\"><span class=\"cmt-service-icon\"><i class=\"cmt_duplexo flaticon-tripod\"><\/i><\/span><\/div>\t\t\t\n\t\t\t<div class=\"cymolthemes-box-desc\">\n\t\t\t    <div class=\"cymolthemes-box-title\"><h4><a href=\"https:\/\/horse-ic.com\/horse\/service\/expert-mechanical\/\">Topographie<\/a><\/h4><\/div>\t\t\t\t<div class=\"cmt-sboxshort-desc\">\n\t\t\t\t\t<p>Topographie<\/p>\n\t\t\t\t<\/div>\n\t\t\t<\/div> \n\t\t<\/div>\n\t<\/div>\n<\/article><\/div>\n\t\t\t<\/div>\n\t\t<\/div><!-- .cymolthemes-boxes-inner -->   <\/div><!-- .cymolthemes-boxes -->  [\/vc_column][\/vc_row]<\/p>\n","protected":false},"excerpt":{"rendered":"<p>[vc_row][vc_column][\/vc_column][\/vc_row]<\/p>\n","protected":false},"author":1,"featured_media":0,"parent":0,"menu_order":7,"comment_status":"closed","ping_status":"closed","template":"","meta":[],"_links":{"self":[{"href":"https:\/\/horse-ic.com\/horse\/wp-json\/wp\/v2\/pages\/680"}],"collection":[{"href":"https:\/\/horse-ic.com\/horse\/wp-json\/wp\/v2\/pages"}],"about":[{"href":"https:\/\/horse-ic.com\/horse\/wp-json\/wp\/v2\/types\/page"}],"author":[{"embeddable":true,"href":"https:\/\/horse-ic.com\/horse\/wp-json\/wp\/v2\/users\/1"}],"replies":[{"embeddable":true,"href":"https:\/\/horse-ic.com\/horse\/wp-json\/wp\/v2\/comments?post=680"}],"version-history":[{"count":2,"href":"https:\/\/horse-ic.com\/horse\/wp-json\/wp\/v2\/pages\/680\/revisions"}],"predecessor-version":[{"id":1835,"href":"https:\/\/horse-ic.com\/horse\/wp-json\/wp\/v2\/pages\/680\/revisions\/1835"}],"wp:attachment":[{"href":"https:\/\/horse-ic.com\/horse\/wp-json\/wp\/v2\/media?parent=680"}],"curies":[{"name":"wp","href":"https:\/\/api.w.org\/{rel}","templated":true}]}}