{"id":1919,"date":"2023-02-20T00:03:39","date_gmt":"2023-02-19T23:03:39","guid":{"rendered":"https:\/\/horse-ic.com\/horse\/?page_id=1919"},"modified":"2023-02-20T11:55:25","modified_gmt":"2023-02-20T10:55:25","slug":"news","status":"publish","type":"page","link":"https:\/\/horse-ic.com\/horse\/news\/","title":{"rendered":"news"},"content":{"rendered":"<p>[vc_row][vc_column]<div class=\"cymolthemes-boxes cymolthemes-boxes-blog cymolthemes-boxes-view-default cymolthemes-boxes-col-two cymolthemes-boxes-sortable-no cymolthemes-boxes-textalign-center cmt-sboxcta3-rev-heading\">\n\t\t<div class=\"cymolthemes-boxes-inner cymolthemes-boxes-blog-inner \">\n\t\t\t\n\t\t\t<div class=\"row multi-columns-row cymolthemes-boxes-row-wrapper\">\n\t\t\t\t<div class=\"cmt-sboxbox-col-wrapper col-lg-6 col-sm-6 col-md-6 col-xs-12 chemical-research\"><article class=\"cymolthemes-box cymolthemes-box-blog cymolthemes-blogbox-styleone cymolthemes-blogbox-format- \">\n\t<div class=\"post-item\">\n\t\t<div class=\"cymolthemes-box-content\">\t\t\n\t\t\t<div class=\"cmt-featured-outer-wrapper cmt-post-featured-outer-wrapper\">\n\t\t\t\t\t<div class=\"cmt-post-date\"><span>16<\/span>Jan<\/div>\t\n\t\t\t\t<div class=\"cmt-sboxfeatured-wrapper cmt-sboxpost-featured-wrapper cmt-sboxpost-format-\"><a href=\"https:\/\/horse-ic.com\/horse\/the-9-best-construction-guides-of-2019\/\"><img width=\"672\" height=\"448\" src=\"https:\/\/horse-ic.com\/horse\/wp-content\/uploads\/2022\/02\/img1640625956_7993-672x448.jpeg\" class=\"attachment-cymolthemes-img-blog-top size-cymolthemes-img-blog-top wp-post-image\" alt=\"\" loading=\"lazy\" srcset=\"https:\/\/horse-ic.com\/horse\/wp-content\/uploads\/2022\/02\/img1640625956_7993-672x448.jpeg 672w, https:\/\/horse-ic.com\/horse\/wp-content\/uploads\/2022\/02\/img1640625956_7993-300x200.jpeg 300w, https:\/\/horse-ic.com\/horse\/wp-content\/uploads\/2022\/02\/img1640625956_7993-1024x683.jpeg 1024w, https:\/\/horse-ic.com\/horse\/wp-content\/uploads\/2022\/02\/img1640625956_7993-768x512.jpeg 768w, https:\/\/horse-ic.com\/horse\/wp-content\/uploads\/2022\/02\/img1640625956_7993-700x466.jpeg 700w, https:\/\/horse-ic.com\/horse\/wp-content\/uploads\/2022\/02\/img1640625956_7993.jpeg 1080w\" sizes=\"(max-width: 672px) 100vw, 672px\" data-id=\"1827\" \/><\/a><\/div>\t\t\t<\/div>\t\t\n\t\t\t<div class=\"cymolthemes-box-desc\">\n\t\t\t\t<div class=\"entry-header\">\n\t\t\t\t    <div class=\"cymolthemes-box-title\"><h4><a href=\"https:\/\/horse-ic.com\/horse\/the-9-best-construction-guides-of-2019\/\">PROJET D&rsquo;AMENAGEMENT ET DE BITUMAGE DE LA ROUTE KETOU-IDIGNY-IGBODJA-SAVE (85,80 KM) ET SES OMOU-ILADJI-MOSSOUKAGBE-AYEKOTONIAN (26,60 KM) ET SAVE OKE OWO (27,50 KM)<\/a><\/h4><\/div>\t\n\t\t\t\t\t<div class=\"cmt-sboxentry-meta-wrapper\"><div class=\"entry-meta cmt-sboxentry-meta cmt-sboxentry-meta-blogbox\"><span class=\"cmt-meta-line comments-link\"><i class=\"fa fa-comment\"><\/i> <a href=\"https:\/\/horse-ic.com\/horse\/the-9-best-construction-guides-of-2019\/#respond\">0 Comments<\/a><\/span><span class=\"cmt-meta-line byline\"><i class=\"fa fa-user\"><\/i> <span class=\"author vcard\"><span class=\"screen-reader-text cmt-hide\">Author <\/span><a class=\"url fn n\" href=\"https:\/\/horse-ic.com\/horse\/author\/admin\/\">admin<\/a><\/span><\/span><\/div><\/div>\t\t\t\t<\/div>\t\n\t\t\t\t<div class=\"cymolthemes-box-desc-text\">Le 20 d\u00e9cembre dernier, le Directeur G\u00e9n\u00e9ral des Infrastructures Mo...<\/div>\n\t\t\t\t<div class=\"cymolthemes-box-desc-footer\">\n\t\t\t\t\t<div class=\"cymolthemes-blogbox-desc-footer\">\n\t\t\t\t\t\t\t\t\t\t\t<\/div>\n\t\t\t\t<\/div>\t\t\t\t\t\n\t\t\t<\/div>\n        <\/div>\n\t<\/div>\n<\/article>\n<\/div>\n\t\t\t<\/div>\n\t\t<\/div><!-- .cymolthemes-boxes-inner -->   <\/div><!-- .cymolthemes-boxes -->  [\/vc_column][\/vc_row]<\/p>\n","protected":false},"excerpt":{"rendered":"<p>[vc_row][vc_column][\/vc_column][\/vc_row]<\/p>\n","protected":false},"author":1,"featured_media":0,"parent":0,"menu_order":0,"comment_status":"closed","ping_status":"closed","template":"","meta":[],"_links":{"self":[{"href":"https:\/\/horse-ic.com\/horse\/wp-json\/wp\/v2\/pages\/1919"}],"collection":[{"href":"https:\/\/horse-ic.com\/horse\/wp-json\/wp\/v2\/pages"}],"about":[{"href":"https:\/\/horse-ic.com\/horse\/wp-json\/wp\/v2\/types\/page"}],"author":[{"embeddable":true,"href":"https:\/\/horse-ic.com\/horse\/wp-json\/wp\/v2\/users\/1"}],"replies":[{"embeddable":true,"href":"https:\/\/horse-ic.com\/horse\/wp-json\/wp\/v2\/comments?post=1919"}],"version-history":[{"count":2,"href":"https:\/\/horse-ic.com\/horse\/wp-json\/wp\/v2\/pages\/1919\/revisions"}],"predecessor-version":[{"id":1925,"href":"https:\/\/horse-ic.com\/horse\/wp-json\/wp\/v2\/pages\/1919\/revisions\/1925"}],"wp:attachment":[{"href":"https:\/\/horse-ic.com\/horse\/wp-json\/wp\/v2\/media?parent=1919"}],"curies":[{"name":"wp","href":"https:\/\/api.w.org\/{rel}","templated":true}]}}